{"id":1424,"date":"2024-08-22T09:16:24","date_gmt":"2024-08-22T09:16:24","guid":{"rendered":"https:\/\/aveossolution.com\/?page_id=1424"},"modified":"2024-09-13T10:54:36","modified_gmt":"2024-09-13T10:54:36","slug":"specialized-courses","status":"publish","type":"page","link":"https:\/\/aveossolution.com\/fr\/accueil\/courses\/specialized-courses\/","title":{"rendered":"Formation sp\u00e9cialis\u00e9e"},"content":{"rendered":"<div data-elementor-type=\"wp-page\" data-elementor-id=\"1424\" class=\"elementor elementor-1424\">\n\t\t\t\t\t\t<section class=\"elementor-section elementor-top-section elementor-element elementor-element-884a8f8 elementor-section-boxed elementor-section-height-default elementor-section-height-default\" data-id=\"884a8f8\" data-element_type=\"section\" data-e-type=\"section\" data-settings=\"{&quot;background_background&quot;:&quot;classic&quot;}\">\n\t\t\t\t\t\t\t<div class=\"elementor-background-overlay\"><\/div>\n\t\t\t\t\t\t\t<div class=\"elementor-container elementor-column-gap-default\">\n\t\t\t\t\t<div class=\"elementor-column elementor-col-100 elementor-top-column elementor-element elementor-element-876e445\" data-id=\"876e445\" data-element_type=\"column\" data-e-type=\"column\">\n\t\t\t<div class=\"elementor-widget-wrap elementor-element-populated\">\n\t\t\t\t\t\t<div class=\"elementor-element elementor-element-20d9425 animated-slow elementor-invisible elementor-widget elementor-widget-heading\" data-id=\"20d9425\" data-element_type=\"widget\" data-e-type=\"widget\" data-settings=\"{&quot;_animation&quot;:&quot;fadeInLeft&quot;}\" data-widget_type=\"heading.default\">\n\t\t\t\t<div class=\"elementor-widget-container\">\n\t\t\t\t\t<p class=\"elementor-heading-title elementor-size-default\">Formation sp\u00e9cialis\u00e9e<\/p>\t\t\t\t<\/div>\n\t\t\t\t<\/div>\n\t\t\t\t\t<\/div>\n\t\t<\/div>\n\t\t\t\t\t<\/div>\n\t\t<\/section>\n\t\t\t\t<section class=\"elementor-section elementor-top-section elementor-element elementor-element-f242784 elementor-section-boxed elementor-section-height-default elementor-section-height-default\" data-id=\"f242784\" data-element_type=\"section\" data-e-type=\"section\">\n\t\t\t\t\t\t<div class=\"elementor-container elementor-column-gap-default\">\n\t\t\t\t\t<div class=\"elementor-column elementor-col-33 elementor-top-column elementor-element elementor-element-7524ea2\" data-id=\"7524ea2\" data-element_type=\"column\" data-e-type=\"column\">\n\t\t\t<div class=\"elementor-widget-wrap elementor-element-populated\">\n\t\t\t\t\t\t<div class=\"elementor-element elementor-element-b5100c6 elementor-widget elementor-widget-image\" data-id=\"b5100c6\" data-element_type=\"widget\" data-e-type=\"widget\" data-widget_type=\"image.default\">\n\t\t\t\t<div class=\"elementor-widget-container\">\n\t\t\t\t\t\t\t\t\t\t\t\t\t\t\t<img fetchpriority=\"high\" decoding=\"async\" width=\"1000\" height=\"1000\" src=\"https:\/\/aveossolution.com\/wp-content\/uploads\/2024\/08\/Avios-Solutions-Aviation-Training-and-Consulting-2-min-1024x1024.png\" class=\"attachment-large size-large wp-image-3108\" alt=\"\" srcset=\"https:\/\/aveossolution.com\/wp-content\/uploads\/2024\/08\/Avios-Solutions-Aviation-Training-and-Consulting-2-min-1024x1024.png 1024w, https:\/\/aveossolution.com\/wp-content\/uploads\/2024\/08\/Avios-Solutions-Aviation-Training-and-Consulting-2-min-300x300.png 300w, https:\/\/aveossolution.com\/wp-content\/uploads\/2024\/08\/Avios-Solutions-Aviation-Training-and-Consulting-2-min-150x150.png 150w, https:\/\/aveossolution.com\/wp-content\/uploads\/2024\/08\/Avios-Solutions-Aviation-Training-and-Consulting-2-min-768x768.png 768w, https:\/\/aveossolution.com\/wp-content\/uploads\/2024\/08\/Avios-Solutions-Aviation-Training-and-Consulting-2-min-650x650.png 650w, https:\/\/aveossolution.com\/wp-content\/uploads\/2024\/08\/Avios-Solutions-Aviation-Training-and-Consulting-2-min.png 1080w\" sizes=\"(max-width: 1000px) 100vw, 1000px\" \/>\t\t\t\t\t\t\t\t\t\t\t\t\t\t\t<\/div>\n\t\t\t\t<\/div>\n\t\t\t\t\t<\/div>\n\t\t<\/div>\n\t\t\t\t<div class=\"elementor-column elementor-col-66 elementor-top-column elementor-element elementor-element-72eef16\" data-id=\"72eef16\" data-element_type=\"column\" data-e-type=\"column\">\n\t\t\t<div class=\"elementor-widget-wrap elementor-element-populated\">\n\t\t\t\t\t\t<div class=\"elementor-element elementor-element-adfe12d elementor-widget elementor-widget-text-editor\" data-id=\"adfe12d\" data-element_type=\"widget\" data-e-type=\"widget\" data-widget_type=\"text-editor.default\">\n\t\t\t\t<div class=\"elementor-widget-container\">\n\t\t\t\t\t\t\t\t\t<p>En plus de nos offres standard, nous proposons \u00e9galement des cours sp\u00e9cialis\u00e9s adapt\u00e9s aux besoins sp\u00e9cifiques de l'industrie. Ces programmes sont d\u00e9velopp\u00e9s en collaboration avec des experts du secteur et sont r\u00e9guli\u00e8rement mis \u00e0 jour pour refl\u00e9ter les derni\u00e8res avanc\u00e9es.<\/p><ul><li><strong>Avionique avanc\u00e9e<\/strong><\/li><li><strong>Syst\u00e8mes num\u00e9riques d'avion<\/strong><\/li><li><strong>Leadership et gestion dans l'aviation<\/strong><\/li><\/ul><h4>\u00a0<\/h4>\t\t\t\t\t\t\t\t<\/div>\n\t\t\t\t<\/div>\n\t\t\t\t\t<\/div>\n\t\t<\/div>\n\t\t\t\t\t<\/div>\n\t\t<\/section>\n\t\t\t\t<section class=\"elementor-section elementor-top-section elementor-element elementor-element-19566c5 elementor-section-boxed elementor-section-height-default elementor-section-height-default\" data-id=\"19566c5\" data-element_type=\"section\" data-e-type=\"section\" data-settings=\"{&quot;background_background&quot;:&quot;classic&quot;}\">\n\t\t\t\t\t\t<div class=\"elementor-container elementor-column-gap-default\">\n\t\t\t\t\t<div class=\"elementor-column elementor-col-100 elementor-top-column elementor-element elementor-element-54f1bb8\" data-id=\"54f1bb8\" data-element_type=\"column\" data-e-type=\"column\">\n\t\t\t<div class=\"elementor-widget-wrap elementor-element-populated\">\n\t\t\t\t\t\t<div class=\"elementor-element elementor-element-6728c05 ui-e-a-animate elementor-widget elementor-widget-highlighted-text\" data-id=\"6728c05\" data-element_type=\"widget\" data-e-type=\"widget\" data-widget_type=\"highlighted-text.default\">\n\t\t\t\t<div class=\"elementor-widget-container\">\n\t\t\t\t\t\t\t<h2 class=\"ui-e--highlighted-text\" >\r\n        <span class=\"ui-e-headline-text ui-e-headline-stroke1\">\r\n\t\t\t\t\t\t\t\t\t<span class=\"whitespace\"> <\/span><span><span class=\"ui-e-headline-text ui-e-headline-highlighted\">Formations associ\u00e9es<\/span><span class=\"uicore-svg-wrapper\"><svg xmlns=\"http:\/\/www.w3.org\/2000\/svg\" viewbox=\"0 0 500 150\" preserveaspectratio=\"none\"><path d='M15.2,133.3L15.2,133.3c121.9-7.6,244-9.9,366.1-6.8c34.6,0.9,69.1,2.3,103.7,4'\/><\/svg><\/span><\/span><span class=\"whitespace\"> <\/span><\/span>        <\/h2>\r\n        \t\t\t\t<\/div>\n\t\t\t\t<\/div>\n\t\t\t\t\t\t\t<div data-eael_duration=\"{&quot;transitionDuration&quot;:1000}\" data-eael_easing=\"{&quot;transitionEasing&quot;:&quot;ease&quot;}\" data-eael_hover_duration=\"{&quot;transitionDuration&quot;:1000}\" data-eael_hover_easing=\"{&quot;transitionEasing&quot;:&quot;ease&quot;}\" class=\"eael_hover_effect elementor-element elementor-element-6a1d70b elementor-widget elementor-widget-learnpress_list_courses\" data-id=\"6a1d70b\" data-element_type=\"widget\" data-e-type=\"widget\" data-settings=\"{&quot;eael_hover_effect_general_settings_easing&quot;:&quot;ease&quot;,&quot;eael_hover_effect_general_settings_hover_easing&quot;:&quot;ease&quot;}\" data-widget_type=\"learnpress_list_courses.default\">\n\t\t\t\t<div class=\"elementor-widget-container\">\n\t\t\t\t\t\r\n<p class=\"learn-press-message error\">No courses were found to match your selection.<\/p>\r\n\t\t\t\t<\/div>\n\t\t\t\t<\/div>\n\t\t\t\t\t<\/div>\n\t\t<\/div>\n\t\t\t\t\t<\/div>\n\t\t<\/section>\n\t\t\t\t<\/div>","protected":false},"excerpt":{"rendered":"<p>specialized training In addition to our standard offerings, we also provide specialized courses tailored to meet specific industry needs. These programs are [&hellip;]<\/p>\n","protected":false},"author":1,"featured_media":0,"parent":1747,"menu_order":0,"comment_status":"closed","ping_status":"closed","template":"","meta":{"_eb_attr":"","footnotes":""},"class_list":["post-1424","page","type-page","status-publish","hentry"],"yoast_head":"<!-- This site is optimized with the Yoast SEO plugin v27.4 - https:\/\/yoast.com\/product\/yoast-seo-wordpress\/ -->\n<title>Advanced Aviation Training | Specialized Courses and Programs<\/title>\n<meta name=\"description\" content=\"Take your aviation expertise to the next level with AVIOS SOLUTIONS. Explore our specialized courses in avionics, digital systems, and leadership. Enroll today!\" \/>\n<meta name=\"robots\" content=\"index, follow, max-snippet:-1, max-image-preview:large, max-video-preview:-1\" \/>\n<link rel=\"canonical\" href=\"https:\/\/aveossolution.com\/fr\/accueil\/courses\/specialized-courses\/\" \/>\n<meta property=\"og:locale\" content=\"fr_FR\" \/>\n<meta property=\"og:type\" content=\"article\" \/>\n<meta property=\"og:title\" content=\"Advanced Aviation Training | Specialized Courses and Programs\" \/>\n<meta property=\"og:description\" content=\"Take your aviation expertise to the next level with AVIOS SOLUTIONS. Explore our specialized courses in avionics, digital systems, and leadership. Enroll today!\" \/>\n<meta property=\"og:url\" content=\"https:\/\/aveossolution.com\/fr\/accueil\/courses\/specialized-courses\/\" \/>\n<meta property=\"og:site_name\" content=\"AVEOS SOLUTION\" \/>\n<meta property=\"article:publisher\" content=\"https:\/\/web.facebook.com\/profile.php?id=61554594150716\" \/>\n<meta property=\"article:modified_time\" content=\"2024-09-13T10:54:36+00:00\" \/>\n<meta property=\"og:image\" content=\"https:\/\/aveossolution.com\/wp-content\/uploads\/2024\/08\/Avios-Solutions-Aviation-Training-and-Consulting-2-min-1024x1024.png\" \/>\n<meta name=\"twitter:card\" content=\"summary_large_image\" \/>\n<meta name=\"twitter:label1\" content=\"Dur\u00e9e de lecture estim\u00e9e\" \/>\n\t<meta name=\"twitter:data1\" content=\"2 minutes\" \/>\n<script type=\"application\/ld+json\" class=\"yoast-schema-graph\">{\"@context\":\"https:\\\/\\\/schema.org\",\"@graph\":[{\"@type\":\"WebPage\",\"@id\":\"https:\\\/\\\/aveossolution.com\\\/accueil\\\/courses\\\/specialized-courses\\\/\",\"url\":\"https:\\\/\\\/aveossolution.com\\\/accueil\\\/courses\\\/specialized-courses\\\/\",\"name\":\"Advanced Aviation Training | Specialized Courses and Programs\",\"isPartOf\":{\"@id\":\"https:\\\/\\\/aveossolution.com\\\/#website\"},\"primaryImageOfPage\":{\"@id\":\"https:\\\/\\\/aveossolution.com\\\/accueil\\\/courses\\\/specialized-courses\\\/#primaryimage\"},\"image\":{\"@id\":\"https:\\\/\\\/aveossolution.com\\\/accueil\\\/courses\\\/specialized-courses\\\/#primaryimage\"},\"thumbnailUrl\":\"https:\\\/\\\/aveossolution.com\\\/wp-content\\\/uploads\\\/2024\\\/08\\\/Avios-Solutions-Aviation-Training-and-Consulting-2-min-1024x1024.png\",\"datePublished\":\"2024-08-22T09:16:24+00:00\",\"dateModified\":\"2024-09-13T10:54:36+00:00\",\"description\":\"Take your aviation expertise to the next level with AVIOS SOLUTIONS. Explore our specialized courses in avionics, digital systems, and leadership. Enroll today!\",\"breadcrumb\":{\"@id\":\"https:\\\/\\\/aveossolution.com\\\/accueil\\\/courses\\\/specialized-courses\\\/#breadcrumb\"},\"inLanguage\":\"fr-FR\",\"potentialAction\":[{\"@type\":\"ReadAction\",\"target\":[\"https:\\\/\\\/aveossolution.com\\\/accueil\\\/courses\\\/specialized-courses\\\/\"]}]},{\"@type\":\"ImageObject\",\"inLanguage\":\"fr-FR\",\"@id\":\"https:\\\/\\\/aveossolution.com\\\/accueil\\\/courses\\\/specialized-courses\\\/#primaryimage\",\"url\":\"https:\\\/\\\/aveossolution.com\\\/wp-content\\\/uploads\\\/2024\\\/08\\\/Avios-Solutions-Aviation-Training-and-Consulting-2-min-1024x1024.png\",\"contentUrl\":\"https:\\\/\\\/aveossolution.com\\\/wp-content\\\/uploads\\\/2024\\\/08\\\/Avios-Solutions-Aviation-Training-and-Consulting-2-min-1024x1024.png\"},{\"@type\":\"BreadcrumbList\",\"@id\":\"https:\\\/\\\/aveossolution.com\\\/accueil\\\/courses\\\/specialized-courses\\\/#breadcrumb\",\"itemListElement\":[{\"@type\":\"ListItem\",\"position\":1,\"name\":\"Home\",\"item\":\"https:\\\/\\\/aveossolution.com\\\/\"},{\"@type\":\"ListItem\",\"position\":2,\"name\":\"Accueil\",\"item\":\"https:\\\/\\\/aveossolution.com\\\/\"},{\"@type\":\"ListItem\",\"position\":3,\"name\":\"Courses\",\"item\":\"https:\\\/\\\/aveossolution.com\\\/accueil\\\/courses\\\/\"},{\"@type\":\"ListItem\",\"position\":4,\"name\":\"Specialized courses\"}]},{\"@type\":\"WebSite\",\"@id\":\"https:\\\/\\\/aveossolution.com\\\/#website\",\"url\":\"https:\\\/\\\/aveossolution.com\\\/\",\"name\":\"HB TRANS\",\"description\":\"Aviation training courses\",\"publisher\":{\"@id\":\"https:\\\/\\\/aveossolution.com\\\/#organization\"},\"potentialAction\":[{\"@type\":\"SearchAction\",\"target\":{\"@type\":\"EntryPoint\",\"urlTemplate\":\"https:\\\/\\\/aveossolution.com\\\/?s={search_term_string}\"},\"query-input\":{\"@type\":\"PropertyValueSpecification\",\"valueRequired\":true,\"valueName\":\"search_term_string\"}}],\"inLanguage\":\"fr-FR\"},{\"@type\":\"Organization\",\"@id\":\"https:\\\/\\\/aveossolution.com\\\/#organization\",\"name\":\"HB TRANS\",\"url\":\"https:\\\/\\\/aveossolution.com\\\/\",\"logo\":{\"@type\":\"ImageObject\",\"inLanguage\":\"fr-FR\",\"@id\":\"https:\\\/\\\/aveossolution.com\\\/#\\\/schema\\\/logo\\\/image\\\/\",\"url\":\"https:\\\/\\\/aveossolution.com\\\/wp-content\\\/uploads\\\/2024\\\/02\\\/hbtrans_logo-removebg-preview.png\",\"contentUrl\":\"https:\\\/\\\/aveossolution.com\\\/wp-content\\\/uploads\\\/2024\\\/02\\\/hbtrans_logo-removebg-preview.png\",\"width\":775,\"height\":270,\"caption\":\"HB TRANS\"},\"image\":{\"@id\":\"https:\\\/\\\/aveossolution.com\\\/#\\\/schema\\\/logo\\\/image\\\/\"},\"sameAs\":[\"https:\\\/\\\/web.facebook.com\\\/profile.php?id=61554594150716\",\"https:\\\/\\\/www.linkedin.com\\\/company\\\/102638300\\\/admin\\\/feed\\\/posts\\\/?feedType=following\"]}]}<\/script>\n<!-- \/ Yoast SEO plugin. -->","yoast_head_json":{"title":"Advanced Aviation Training | Specialized Courses and Programs","description":"Take your aviation expertise to the next level with AVIOS SOLUTIONS. Explore our specialized courses in avionics, digital systems, and leadership. Enroll today!","robots":{"index":"index","follow":"follow","max-snippet":"max-snippet:-1","max-image-preview":"max-image-preview:large","max-video-preview":"max-video-preview:-1"},"canonical":"https:\/\/aveossolution.com\/fr\/accueil\/courses\/specialized-courses\/","og_locale":"fr_FR","og_type":"article","og_title":"Advanced Aviation Training | Specialized Courses and Programs","og_description":"Take your aviation expertise to the next level with AVIOS SOLUTIONS. Explore our specialized courses in avionics, digital systems, and leadership. Enroll today!","og_url":"https:\/\/aveossolution.com\/fr\/accueil\/courses\/specialized-courses\/","og_site_name":"AVEOS SOLUTION","article_publisher":"https:\/\/web.facebook.com\/profile.php?id=61554594150716","article_modified_time":"2024-09-13T10:54:36+00:00","og_image":[{"url":"https:\/\/aveossolution.com\/wp-content\/uploads\/2024\/08\/Avios-Solutions-Aviation-Training-and-Consulting-2-min-1024x1024.png","type":"","width":"","height":""}],"twitter_card":"summary_large_image","twitter_misc":{"Dur\u00e9e de lecture estim\u00e9e":"2 minutes"},"schema":{"@context":"https:\/\/schema.org","@graph":[{"@type":"WebPage","@id":"https:\/\/aveossolution.com\/accueil\/courses\/specialized-courses\/","url":"https:\/\/aveossolution.com\/accueil\/courses\/specialized-courses\/","name":"Advanced Aviation Training | Specialized Courses and Programs","isPartOf":{"@id":"https:\/\/aveossolution.com\/#website"},"primaryImageOfPage":{"@id":"https:\/\/aveossolution.com\/accueil\/courses\/specialized-courses\/#primaryimage"},"image":{"@id":"https:\/\/aveossolution.com\/accueil\/courses\/specialized-courses\/#primaryimage"},"thumbnailUrl":"https:\/\/aveossolution.com\/wp-content\/uploads\/2024\/08\/Avios-Solutions-Aviation-Training-and-Consulting-2-min-1024x1024.png","datePublished":"2024-08-22T09:16:24+00:00","dateModified":"2024-09-13T10:54:36+00:00","description":"Take your aviation expertise to the next level with AVIOS SOLUTIONS. Explore our specialized courses in avionics, digital systems, and leadership. Enroll today!","breadcrumb":{"@id":"https:\/\/aveossolution.com\/accueil\/courses\/specialized-courses\/#breadcrumb"},"inLanguage":"fr-FR","potentialAction":[{"@type":"ReadAction","target":["https:\/\/aveossolution.com\/accueil\/courses\/specialized-courses\/"]}]},{"@type":"ImageObject","inLanguage":"fr-FR","@id":"https:\/\/aveossolution.com\/accueil\/courses\/specialized-courses\/#primaryimage","url":"https:\/\/aveossolution.com\/wp-content\/uploads\/2024\/08\/Avios-Solutions-Aviation-Training-and-Consulting-2-min-1024x1024.png","contentUrl":"https:\/\/aveossolution.com\/wp-content\/uploads\/2024\/08\/Avios-Solutions-Aviation-Training-and-Consulting-2-min-1024x1024.png"},{"@type":"BreadcrumbList","@id":"https:\/\/aveossolution.com\/accueil\/courses\/specialized-courses\/#breadcrumb","itemListElement":[{"@type":"ListItem","position":1,"name":"Home","item":"https:\/\/aveossolution.com\/"},{"@type":"ListItem","position":2,"name":"Accueil","item":"https:\/\/aveossolution.com\/"},{"@type":"ListItem","position":3,"name":"Courses","item":"https:\/\/aveossolution.com\/accueil\/courses\/"},{"@type":"ListItem","position":4,"name":"Specialized courses"}]},{"@type":"WebSite","@id":"https:\/\/aveossolution.com\/#website","url":"https:\/\/aveossolution.com\/","name":"HB TRANS","description":"Aviation training courses","publisher":{"@id":"https:\/\/aveossolution.com\/#organization"},"potentialAction":[{"@type":"SearchAction","target":{"@type":"EntryPoint","urlTemplate":"https:\/\/aveossolution.com\/?s={search_term_string}"},"query-input":{"@type":"PropertyValueSpecification","valueRequired":true,"valueName":"search_term_string"}}],"inLanguage":"fr-FR"},{"@type":"Organization","@id":"https:\/\/aveossolution.com\/#organization","name":"HB TRANS","url":"https:\/\/aveossolution.com\/","logo":{"@type":"ImageObject","inLanguage":"fr-FR","@id":"https:\/\/aveossolution.com\/#\/schema\/logo\/image\/","url":"https:\/\/aveossolution.com\/wp-content\/uploads\/2024\/02\/hbtrans_logo-removebg-preview.png","contentUrl":"https:\/\/aveossolution.com\/wp-content\/uploads\/2024\/02\/hbtrans_logo-removebg-preview.png","width":775,"height":270,"caption":"HB TRANS"},"image":{"@id":"https:\/\/aveossolution.com\/#\/schema\/logo\/image\/"},"sameAs":["https:\/\/web.facebook.com\/profile.php?id=61554594150716","https:\/\/www.linkedin.com\/company\/102638300\/admin\/feed\/posts\/?feedType=following"]}]}},"_links":{"self":[{"href":"https:\/\/aveossolution.com\/fr\/wp-json\/wp\/v2\/pages\/1424","targetHints":{"allow":["GET"]}}],"collection":[{"href":"https:\/\/aveossolution.com\/fr\/wp-json\/wp\/v2\/pages"}],"about":[{"href":"https:\/\/aveossolution.com\/fr\/wp-json\/wp\/v2\/types\/page"}],"author":[{"embeddable":true,"href":"https:\/\/aveossolution.com\/fr\/wp-json\/wp\/v2\/users\/1"}],"replies":[{"embeddable":true,"href":"https:\/\/aveossolution.com\/fr\/wp-json\/wp\/v2\/comments?post=1424"}],"version-history":[{"count":55,"href":"https:\/\/aveossolution.com\/fr\/wp-json\/wp\/v2\/pages\/1424\/revisions"}],"predecessor-version":[{"id":3344,"href":"https:\/\/aveossolution.com\/fr\/wp-json\/wp\/v2\/pages\/1424\/revisions\/3344"}],"up":[{"embeddable":true,"href":"https:\/\/aveossolution.com\/fr\/wp-json\/wp\/v2\/pages\/1747"}],"wp:attachment":[{"href":"https:\/\/aveossolution.com\/fr\/wp-json\/wp\/v2\/media?parent=1424"}],"curies":[{"name":"wp","href":"https:\/\/api.w.org\/{rel}","templated":true}]}}